{"id":25,"date":"2024-10-15T14:13:17","date_gmt":"2024-10-15T14:13:17","guid":{"rendered":"https:\/\/kaposvarievangelikus.hu\/?page_id=25"},"modified":"2025-11-06T09:15:13","modified_gmt":"2025-11-06T09:15:13","slug":"kapcsolat-2","status":"publish","type":"page","link":"https:\/\/kaposvarievangelikus.hu\/index.php\/kapcsolat-2\/","title":{"rendered":"Kapcsolat"},"content":{"rendered":"<p style=\"text-align: center;\"><strong>Kaposv\u00e1ri Evang\u00e9likus Egyh\u00e1zk\u00f6z\u00f6ss\u00e9g<\/strong><\/p>\n<ul>\n<li>C\u00edm: 7400 Kaposv\u00e1r, Kossuth Lajos utca 39.<\/li>\n<li>Telefon: Tel: +36209333379, Heged\u00fcs G\u00e1bor lelk\u00e9sz<\/li>\n<li>E-mail: gabor.hegedus@lutheran.hu<\/li>\n<li>Web: https:\/\/kaposvarievangelikus.hu<\/li>\n<\/ul>\n<p>A&nbsp; &nbsp;lelk\u00e9szi hivatal nyitva tart\u00e1sa: el\u0151re egyeztetett id\u0151pontban.<\/p>\n<p>A&nbsp; &nbsp; Kaposv\u00e1ri Evang\u00e9likus Gy\u00fclekezet sz\u00e1mlasz\u00e1ma: OTP 11743002-20014517&nbsp;<\/p>\n<p>&#8222;N\u00f6veked\u00e9s &#8221; Alap\u00edtv\u00e1ny sz\u00e1mlasz\u00e1ma: 11743002-20136796<\/p>\n<p>Ad\u00f3sz\u00e1ma: 18761638-1-14&nbsp; &nbsp; &nbsp; &nbsp; &nbsp;&nbsp;<\/p>\n<p><span style=\"color: #000000;\"><a style=\"color: #000000;\" aria-label=\"Ad\u00f3 1%\">Ad\u00f3 1%<\/a><\/span><\/p>\n<div class=\"box-description\">\n<p>K\u00e9rj\u00fck, hogy szem\u00e9lyi j\u00f6vedelemad\u00f3j\u00e1nak 1%-\u00e1val t\u00e1mogassa fenntart\u00f3nkat, a Magyarorsz\u00e1gi Evang\u00e9likus Egyh\u00e1zat!&nbsp;<\/p>\n<p>A Magyarorsz\u00e1gi Evang\u00e9likus Egyh\u00e1z technikai sz\u00e1ma: 0035<\/p>\n<p><b>K\u00f6sz\u00f6nj\u00fck t\u00e1mogat\u00e1s\u00e1t!<\/b><\/p>\n<\/div>\n<p>&nbsp; &nbsp; &nbsp; &nbsp; &nbsp; &nbsp;&nbsp;<\/p>\n","protected":false},"excerpt":{"rendered":"<p class=\"post-excerpt\">Kaposv\u00e1ri Evang\u00e9likus Egyh\u00e1zk\u00f6z\u00f6ss\u00e9g C\u00edm: 7400 Kaposv\u00e1r, Kossuth Lajos utca 39. Telefon: Tel: +36209333379, Heged\u00fcs G\u00e1bor lelk\u00e9sz E-mail: gabor.hegedus@lutheran.hu Web: https:\/\/kaposvarievangelikus.hu&#8230;<\/p>\n","protected":false},"author":1,"featured_media":0,"parent":0,"menu_order":0,"comment_status":"closed","ping_status":"closed","template":"","meta":{"ngg_post_thumbnail":0,"footnotes":""},"class_list":["post-25","page","type-page","status-publish","hentry"],"_links":{"self":[{"href":"https:\/\/kaposvarievangelikus.hu\/index.php\/wp-json\/wp\/v2\/pages\/25","targetHints":{"allow":["GET"]}}],"collection":[{"href":"https:\/\/kaposvarievangelikus.hu\/index.php\/wp-json\/wp\/v2\/pages"}],"about":[{"href":"https:\/\/kaposvarievangelikus.hu\/index.php\/wp-json\/wp\/v2\/types\/page"}],"author":[{"embeddable":true,"href":"https:\/\/kaposvarievangelikus.hu\/index.php\/wp-json\/wp\/v2\/users\/1"}],"replies":[{"embeddable":true,"href":"https:\/\/kaposvarievangelikus.hu\/index.php\/wp-json\/wp\/v2\/comments?post=25"}],"version-history":[{"count":11,"href":"https:\/\/kaposvarievangelikus.hu\/index.php\/wp-json\/wp\/v2\/pages\/25\/revisions"}],"predecessor-version":[{"id":2612,"href":"https:\/\/kaposvarievangelikus.hu\/index.php\/wp-json\/wp\/v2\/pages\/25\/revisions\/2612"}],"wp:attachment":[{"href":"https:\/\/kaposvarievangelikus.hu\/index.php\/wp-json\/wp\/v2\/media?parent=25"}],"curies":[{"name":"wp","href":"https:\/\/api.w.org\/{rel}","templated":true}]}}