{"id":2387,"date":"2025-10-17T08:43:38","date_gmt":"2025-10-17T08:43:38","guid":{"rendered":"https:\/\/kaposvarievangelikus.hu\/?page_id=2387"},"modified":"2026-02-09T09:45:41","modified_gmt":"2026-02-09T09:45:41","slug":"mesebarka-evangelikus-csaladi-bolcsode","status":"publish","type":"page","link":"https:\/\/kaposvarievangelikus.hu\/index.php\/mesebarka-evangelikus-csaladi-bolcsode\/","title":{"rendered":"Meseb\u00e1rka, Evang\u00e9likus Csal\u00e1di B\u00f6lcs\u0151de"},"content":{"rendered":"<p><img loading=\"lazy\" decoding=\"async\" class=\"alignnone size-medium wp-image-2508\" src=\"https:\/\/kaposvarievangelikus.hu\/wp-content\/uploads\/2025\/10\/FB_IMG_1761120408899-300x195.jpg\" alt=\"\" width=\"300\" height=\"195\" srcset=\"https:\/\/kaposvarievangelikus.hu\/wp-content\/uploads\/2025\/10\/FB_IMG_1761120408899-300x195.jpg 300w, https:\/\/kaposvarievangelikus.hu\/wp-content\/uploads\/2025\/10\/FB_IMG_1761120408899-1024x666.jpg 1024w, https:\/\/kaposvarievangelikus.hu\/wp-content\/uploads\/2025\/10\/FB_IMG_1761120408899-768x500.jpg 768w, https:\/\/kaposvarievangelikus.hu\/wp-content\/uploads\/2025\/10\/FB_IMG_1761120408899-1536x999.jpg 1536w, https:\/\/kaposvarievangelikus.hu\/wp-content\/uploads\/2025\/10\/FB_IMG_1761120408899-1140x741.jpg 1140w, https:\/\/kaposvarievangelikus.hu\/wp-content\/uploads\/2025\/10\/FB_IMG_1761120408899.jpg 2048w\" sizes=\"auto, (max-width: 300px) 100vw, 300px\" \/><strong>C\u00edm: 7400 Kaposv\u00e1r, 48-as Ifj\u00fas\u00e1g \u00fatja 20.<\/strong><\/p>\n<p><strong>Evang\u00e9likus Meseb\u00e1rka Csal\u00e1di B\u00f6lcs\u0151de \u2013 Kaposv\u00e1r<\/strong><\/p>\n<div dir=\"auto\">\n<p dir=\"ltr\"><span style=\"color: #ff0000;\">Biztons\u00e1gos kezdet. Szeretetteljes gondoskod\u00e1s. Egy\u00e9ni odafigyel\u00e9s.<\/span><\/p>\n<p dir=\"ltr\">Az Evang\u00e9likus Meseb\u00e1rka Csal\u00e1di B\u00f6lcs\u0151de Kaposv\u00e1r els\u0151 evang\u00e9likus b\u00f6lcs\u0151d\u00e9je, ahol a legkisebbek csal\u00e1dias, nyugodt k\u00f6rnyezetben kezdhetik meg k\u00f6z\u00f6ss\u00e9gi \u00e9let\u00fcket. N\u00e1lunk minden gyermek egyedi \u00e9s fontos \u2013 figyelmet, szeretetet \u00e9s biztons\u00e1got kap minden nap.<\/p>\n<p dir=\"ltr\"><span style=\"color: #ff0000;\"><strong>Mi\u00e9rt j\u00f3 v\u00e1laszt\u00e1s a Meseb\u00e1rka?<\/strong><\/span><\/p>\n<p dir=\"ltr\">Kis l\u00e9tsz\u00e1m\u00fa csoportok<br \/>\nMax. 7 f\u0151s csoportok az egy\u00e9ni odafigyel\u00e9s\u00e9rt \u00e9s a biztons\u00e1gos k\u00f6t\u0151d\u00e9s\u00e9rt.<\/p>\n<p dir=\"ltr\">Elhivatott gondoz\u00f3k<br \/>\nSzakmailag felk\u00e9sz\u00fclt, szeretetteljes gondoskod\u00e1s a mindennapokban.<\/p>\n<p dir=\"ltr\">&nbsp;Eg\u00e9szs\u00e9ges \u00e9tkez\u00e9s<br \/>\nKisgyermekekre szabott men\u00fc a Bmen\u00fc konyh\u00e1j\u00e1r\u00f3l.<\/p>\n<p dir=\"ltr\">Evang\u00e9likus \u00e9rt\u00e9krend<br \/>\nNyugodt, elfogad\u00f3 l\u00e9gk\u00f6r, biztos lelki h\u00e1tt\u00e9rrel.<\/p>\n<p dir=\"ltr\">Fejleszt\u0151, tematikus foglalkoz\u00e1saink<\/p>\n<p dir=\"ltr\">Montessori fejleszt\u00e9s<br \/>\nJ\u00e1t\u00e9kos, felfedez\u00e9sre \u00e9p\u00fcl\u0151 foglalkoz\u00e1sok a<br \/>\nK\u00e9k Mad\u00e1r Montessori Kaposv\u00e1r szakembereivel, az \u00f6n\u00e1ll\u00f3s\u00e1g \u00e9s a koncentr\u00e1ci\u00f3 t\u00e1mogat\u00e1s\u00e1ra.<\/p>\n<p dir=\"ltr\">Man\u00f3 Kaland<br \/>\nBibliai tematik\u00e1j\u00fa, mes\u00e9s, interakt\u00edv alkalom, ahol a zene \u00e9s a mozg\u00e1s seg\u00edti az \u00e9rzelmi \u00e9s szoci\u00e1lis fejl\u0151d\u00e9st.<\/p>\n<p dir=\"ltr\">Izg\u0151-mozg\u00f3<br \/>\nGondoz\u00f3ink \u00e1ltal vezetett baba\u2013 \u00e9s b\u00f6lcsitorna a nagymozg\u00e1sok \u00e9s a testtudat fejleszt\u00e9s\u00e9\u00e9rt.<\/p>\n<p dir=\"ltr\"><span style=\"color: #ff0000;\">Amit a sz\u00fcl\u0151k a legink\u00e1bb \u00e9rt\u00e9kelnek<\/span><\/p>\n<ul>\n<li dir=\"ltr\" aria-level=\"1\">\n<p dir=\"ltr\" role=\"presentation\">gyermek\u00fck biztons\u00e1gban van<\/p>\n<\/li>\n<li dir=\"ltr\" aria-level=\"1\">\n<p dir=\"ltr\" role=\"presentation\">val\u00f3di figyelmet \u00e9s szeretetet kap<\/p>\n<\/li>\n<li dir=\"ltr\" aria-level=\"1\">\n<p dir=\"ltr\" role=\"presentation\">fejl\u0151dik, nem csak \u201efel\u00fcgyelet alatt \u00e1ll\u201d<\/p>\n<\/li>\n<li dir=\"ltr\" aria-level=\"1\">\n<p dir=\"ltr\" role=\"presentation\">nyugodt sz\u00edvvel hagyhatj\u00e1k ott reggelente<\/p>\n<\/li>\n<\/ul>\n<p dir=\"ltr\"><strong>Tal\u00e1lkozzunk a b\u00e1rk\u00e1n!<\/strong><\/p>\n<p dir=\"ltr\"><strong><span style=\"color: #ff0000;\">Az Evang\u00e9likus Meseb\u00e1rka Csal\u00e1di B\u00f6lcs\u0151de olyan hely, ahol a hit, a szak\u00e9rtelem \u00e9s a szeretet tal\u00e1lkozik \u2013 a gyermekek \u00f6r\u00f6m\u00e9\u00e9rt \u00e9s a sz\u00fcl\u0151k megnyugv\u00e1s\u00e1\u00e9rt.<\/span><\/strong><\/p>\n<p dir=\"ltr\">C\u00edm: 7400 Kaposv\u00e1r, 48-as Ifj\u00fas\u00e1g \u00fatja 20.<\/p>\n<p dir=\"ltr\">Tel: 06\/20\/215-6901<\/p>\n<p dir=\"ltr\">E-mail: <a href=\"mailto:mesebarka@gmail.com\" target=\"_blank\" rel=\"noopener\">mesebarka@gmail.com<\/a><\/p>\n<\/div>\n<p><a href=\"https:\/\/www.facebook.com\/share\/1Hc5XvWrMi\/\">https:\/\/www.facebook.com\/share\/1Hc5XvWrMi\/<\/a><\/p>\n<p>&nbsp;<\/p>\n<p>&nbsp;<\/p>\n","protected":false},"excerpt":{"rendered":"<p class=\"post-excerpt\">C\u00edm: 7400 Kaposv\u00e1r, 48-as Ifj\u00fas\u00e1g \u00fatja 20. Evang\u00e9likus Meseb\u00e1rka Csal\u00e1di B\u00f6lcs\u0151de \u2013 Kaposv\u00e1r Biztons\u00e1gos kezdet. Szeretetteljes gondoskod\u00e1s. Egy\u00e9ni odafigyel\u00e9s. Az&#8230;<\/p>\n","protected":false},"author":2,"featured_media":0,"parent":0,"menu_order":0,"comment_status":"closed","ping_status":"closed","template":"","meta":{"ngg_post_thumbnail":0,"footnotes":""},"class_list":["post-2387","page","type-page","status-publish","hentry"],"_links":{"self":[{"href":"https:\/\/kaposvarievangelikus.hu\/index.php\/wp-json\/wp\/v2\/pages\/2387","targetHints":{"allow":["GET"]}}],"collection":[{"href":"https:\/\/kaposvarievangelikus.hu\/index.php\/wp-json\/wp\/v2\/pages"}],"about":[{"href":"https:\/\/kaposvarievangelikus.hu\/index.php\/wp-json\/wp\/v2\/types\/page"}],"author":[{"embeddable":true,"href":"https:\/\/kaposvarievangelikus.hu\/index.php\/wp-json\/wp\/v2\/users\/2"}],"replies":[{"embeddable":true,"href":"https:\/\/kaposvarievangelikus.hu\/index.php\/wp-json\/wp\/v2\/comments?post=2387"}],"version-history":[{"count":6,"href":"https:\/\/kaposvarievangelikus.hu\/index.php\/wp-json\/wp\/v2\/pages\/2387\/revisions"}],"predecessor-version":[{"id":3461,"href":"https:\/\/kaposvarievangelikus.hu\/index.php\/wp-json\/wp\/v2\/pages\/2387\/revisions\/3461"}],"wp:attachment":[{"href":"https:\/\/kaposvarievangelikus.hu\/index.php\/wp-json\/wp\/v2\/media?parent=2387"}],"curies":[{"name":"wp","href":"https:\/\/api.w.org\/{rel}","templated":true}]}}