{"id":2346,"date":"2025-10-17T08:13:26","date_gmt":"2025-10-17T08:13:26","guid":{"rendered":"https:\/\/kaposvarievangelikus.hu\/?page_id=2346"},"modified":"2025-11-12T12:58:14","modified_gmt":"2025-11-12T12:58:14","slug":"noi-kor","status":"publish","type":"page","link":"https:\/\/kaposvarievangelikus.hu\/index.php\/noi-kor\/","title":{"rendered":"N\u0151egylet"},"content":{"rendered":"<p style=\"text-align: center;\"><strong>Minden h\u00f3nap els\u0151 szerd\u00e1j\u00e1n 17.30. \u00f3rakor.<\/strong><\/p>\n<p><img loading=\"lazy\" decoding=\"async\" class=\"size-medium wp-image-2590 aligncenter\" src=\"https:\/\/kaposvarievangelikus.hu\/wp-content\/uploads\/2025\/11\/20251105_174818-225x300.jpg\" alt=\"\" width=\"225\" height=\"300\" srcset=\"https:\/\/kaposvarievangelikus.hu\/wp-content\/uploads\/2025\/11\/20251105_174818-225x300.jpg 225w, https:\/\/kaposvarievangelikus.hu\/wp-content\/uploads\/2025\/11\/20251105_174818-768x1024.jpg 768w, https:\/\/kaposvarievangelikus.hu\/wp-content\/uploads\/2025\/11\/20251105_174818-1152x1536.jpg 1152w, https:\/\/kaposvarievangelikus.hu\/wp-content\/uploads\/2025\/11\/20251105_174818-1536x2048.jpg 1536w, https:\/\/kaposvarievangelikus.hu\/wp-content\/uploads\/2025\/11\/20251105_174818-1140x1520.jpg 1140w, https:\/\/kaposvarievangelikus.hu\/wp-content\/uploads\/2025\/11\/20251105_174818-scaled.jpg 1920w\" sizes=\"auto, (max-width: 225px) 100vw, 225px\" \/><\/p>\n","protected":false},"excerpt":{"rendered":"<p class=\"post-excerpt\">Minden h\u00f3nap els\u0151 szerd\u00e1j\u00e1n 17.30. \u00f3rakor.<\/p>\n","protected":false},"author":2,"featured_media":0,"parent":0,"menu_order":0,"comment_status":"closed","ping_status":"closed","template":"","meta":{"ngg_post_thumbnail":0,"footnotes":""},"class_list":["post-2346","page","type-page","status-publish","hentry"],"_links":{"self":[{"href":"https:\/\/kaposvarievangelikus.hu\/index.php\/wp-json\/wp\/v2\/pages\/2346","targetHints":{"allow":["GET"]}}],"collection":[{"href":"https:\/\/kaposvarievangelikus.hu\/index.php\/wp-json\/wp\/v2\/pages"}],"about":[{"href":"https:\/\/kaposvarievangelikus.hu\/index.php\/wp-json\/wp\/v2\/types\/page"}],"author":[{"embeddable":true,"href":"https:\/\/kaposvarievangelikus.hu\/index.php\/wp-json\/wp\/v2\/users\/2"}],"replies":[{"embeddable":true,"href":"https:\/\/kaposvarievangelikus.hu\/index.php\/wp-json\/wp\/v2\/comments?post=2346"}],"version-history":[{"count":4,"href":"https:\/\/kaposvarievangelikus.hu\/index.php\/wp-json\/wp\/v2\/pages\/2346\/revisions"}],"predecessor-version":[{"id":2656,"href":"https:\/\/kaposvarievangelikus.hu\/index.php\/wp-json\/wp\/v2\/pages\/2346\/revisions\/2656"}],"wp:attachment":[{"href":"https:\/\/kaposvarievangelikus.hu\/index.php\/wp-json\/wp\/v2\/media?parent=2346"}],"curies":[{"name":"wp","href":"https:\/\/api.w.org\/{rel}","templated":true}]}}