{"id":209,"date":"2024-11-22T13:58:07","date_gmt":"2024-11-22T13:58:07","guid":{"rendered":"https:\/\/kaposvarievangelikus.hu\/?page_id=209"},"modified":"2024-11-22T14:25:31","modified_gmt":"2024-11-22T14:25:31","slug":"az-orgona-tortenete","status":"publish","type":"page","link":"https:\/\/kaposvarievangelikus.hu\/index.php\/az-orgona-tortenete\/","title":{"rendered":"Az orgona t\u00f6rt\u00e9nete"},"content":{"rendered":"<p>&nbsp;<\/p>\n<p>2017-ben nagy \u00f6r\u00f6m \u00e9rte k\u00f6z\u00f6ss\u00e9g\u00fcnket. Kalincs\u00e1k Bal\u00e1zs nemescs\u00f3i lelk\u00e9sz \u00far egy \u00e9rdekes lehet\u0151s\u00e9gre h\u00edvta fel figyelm\u00fcnket. A sv\u00e1jci Klosters evang\u00e9likus gy\u00fclekezete \u00faj orgona \u00e9p\u00edt\u00e9s\u00e9t tervezte, ez\u00e9rt r\u00e9gi orgon\u00e1ja feleslegess\u00e9 v\u00e1lt. A gy\u00fclekezet tagjainak \u00e9s vezet\u0151inek kiemelt fontoss\u00e1g\u00fa volt, hogy az orgona m\u00e9lt\u00f3 helyre ker\u00fclj\u00f6n, ahol tov\u00e1bb szolg\u00e1lhat I<a href=\"https:\/\/kaposvarievangelikus.hu\/wp-content\/uploads\/2024\/11\/11014740.jpg\"><img loading=\"lazy\" decoding=\"async\" class=\"size-medium wp-image-210 alignleft\" src=\"https:\/\/kaposvarievangelikus.hu\/wp-content\/uploads\/2024\/11\/11014740-300x225.jpg\" alt=\"\" width=\"300\" height=\"225\" srcset=\"https:\/\/kaposvarievangelikus.hu\/wp-content\/uploads\/2024\/11\/11014740-300x225.jpg 300w, https:\/\/kaposvarievangelikus.hu\/wp-content\/uploads\/2024\/11\/11014740-1024x768.jpg 1024w, https:\/\/kaposvarievangelikus.hu\/wp-content\/uploads\/2024\/11\/11014740-768x576.jpg 768w, https:\/\/kaposvarievangelikus.hu\/wp-content\/uploads\/2024\/11\/11014740-1536x1152.jpg 1536w, https:\/\/kaposvarievangelikus.hu\/wp-content\/uploads\/2024\/11\/11014740-2048x1536.jpg 2048w\" sizes=\"auto, (max-width: 300px) 100vw, 300px\" \/><\/a>sten dics\u0151\u00edt\u00e9s\u00e9ben. Ez\u00e9rt \u00fagy d\u00f6nt\u00f6ttek, hogy a hangszert elaj\u00e1nd\u00e9kozz\u00e1k egy olyan templomnak, amely sz\u00edvesen befogadja \u00e9s gondj\u00e1t viseli. Az 1955-ben \u00e9p\u00fclt hangszer ezer sz\u00e1llal k\u00f6t\u0151d\u00f6tt a k\u00f6z\u00f6ss\u00e9ghez, az adom\u00e1nyoz\u00f3k k\u00f6z\u00fcl olyan id\u0151s testv\u00e9r is akadt, akit az orgona hangj\u00e1n\u00e1l kereszteltek. A 19 regiszteres, Metzler c\u00e9g \u00e1ltal \u00e9p\u00edtett hangszer k\u00f6zepes m\u00e9ret\u0171nek sz\u00e1m\u00edt magyarorsz\u00e1gi evang\u00e9likus viszonylatban. A Metzler orgon\u00e1t el\u0151sz\u00f6r gy\u00fclekezet\u00fcnk p\u00e1r f\u0151b\u0151l \u00e1ll\u00f3 csapata hallgatta meg, \u00e9s b\u00e1r a meghallgat\u00e1s sor\u00e1n hangz\u00e1sbeli \u00e9s technikai probl\u00e9m\u00e1kra der\u00fclt f\u00e9ny, v\u00e9g\u00fcl \u00fagy d\u00f6nt\u00f6tt\u00fcnk elhozzuk a hangszert. Az aj\u00e1nd\u00e9koz\u00e1s t\u00e9nye a munk\u00e1latok kezdet\u00e9t jelentette csup\u00e1n, hiszen az orgon\u00e1t le kellett bontani, az \u00faj helysz\u00ednre sz\u00e1ll\u00edtani \u00e9s fel\u00e9p\u00edteni. A munk\u00e1latokat a kaposv\u00e1ri gy\u00fclekezeten k\u00edv\u00fcl t\u00e1mogatta Kaposv\u00e1r v\u00e1rosa, a magyar \u00e1llam, valamint egy\u00e9ni adom\u00e1nyoz\u00f3k. A munka elv\u00e9gz\u00e9s\u00e9re Albert Mikl\u00f3s gy\u0151ri orgona\u00e9p\u00edt\u0151t k\u00e9rt\u00fck fel, aki a sz\u0171k hat\u00e1rid\u0151 ellen\u00e9re v\u00e1llalta a munk\u00e1t. Az id\u0151 f\u0151leg az\u00e9rt volt probl\u00e9m\u00e1s, mert az \u00faj hangszer \u00e9p\u00edt\u00e9s\u00e9t szerett\u00e9k volna elkezdeni. Mikl\u00f3s a probl\u00e9m\u00e1k orvosl\u00e1s\u00e1t is v\u00e1llalta, \u00edgy igaz\u00e1n bizakod\u00f3an n\u00e9zt\u00fcnk a m\u0171velet el\u00e9. Albert Mikl\u00f3s, munkat\u00e1rsai, lelk\u00e9sz\u00fcnk, Pongr\u00e1cz M\u00e1t\u00e9, \u00e9s a gy\u00fclekezet n\u00e9h\u00e1ny tagj\u00e1nak \u00e1ldozatos munk\u00e1j\u00e1val siker\u00fclt az orgon\u00e1t lebontani, elcsomagolni \u00e9s kamionra rakni. Hogy \u00e9rz\u00e9kelj\u00fck a munka nagys\u00e1g\u00e1t: nagyj\u00e1b\u00f3l 4000 alkatr\u00e9szr\u0151l van sz\u00f3, amelynek nagy r\u00e9sz\u00e9t egyenk\u00e9t kellett csomagolni.<br \/>\n<a href=\"https:\/\/kaposvarievangelikus.hu\/wp-content\/uploads\/2024\/11\/IMG_0802-7-scaled.jpg\"><img loading=\"lazy\" decoding=\"async\" class=\"alignleft size-medium wp-image-212\" src=\"https:\/\/kaposvarievangelikus.hu\/wp-content\/uploads\/2024\/11\/IMG_0802-7-225x300.jpg\" alt=\"\" width=\"225\" height=\"300\" srcset=\"https:\/\/kaposvarievangelikus.hu\/wp-content\/uploads\/2024\/11\/IMG_0802-7-225x300.jpg 225w, https:\/\/kaposvarievangelikus.hu\/wp-content\/uploads\/2024\/11\/IMG_0802-7-768x1024.jpg 768w, https:\/\/kaposvarievangelikus.hu\/wp-content\/uploads\/2024\/11\/IMG_0802-7-1152x1536.jpg 1152w, https:\/\/kaposvarievangelikus.hu\/wp-content\/uploads\/2024\/11\/IMG_0802-7-1536x2048.jpg 1536w, https:\/\/kaposvarievangelikus.hu\/wp-content\/uploads\/2024\/11\/IMG_0802-7-scaled.jpg 1920w\" sizes=\"auto, (max-width: 225px) 100vw, 225px\" \/><\/a>Az egyik f\u0151 probl\u00e9ma a hangszer eredeti elhelyez\u00e9s\u00e9b\u0151l ad\u00f3dott, ugyanis nagyj\u00e1b\u00f3l a fele a falban kik\u00e9pzett \u00fcregben ker\u00fclt elhelyez\u00e9sre. Ez a hangz\u00e1sra is k\u00e1rosnak bizonyult, \u00e9s a hozz\u00e1f\u00e9r\u00e9s sem volt egyszer\u0171, ez\u00e9rt sz\u00fcks\u00e9ges lett az orgonaszekr\u00e9ny kib\u0151v\u00edt\u00e9se az \u00faj helysz\u00ednen. A m\u00e1sik probl\u00e9ma az inton\u00e1l\u00e1ssal kapcsolatos, a s\u00edpsorok nagyon halkan sz\u00f3ltak, \u00e9s az egyes regiszterek szinte egyforma hangsz\u00ednnel sz\u00f3laltak meg. Ez\u00e9rt n\u00e9mi v\u00e1ltoztat\u00e1st kellett eszk\u00f6z\u00f6lni a s\u00edpsorok \u00f6sszet\u00e9tel\u00e9ben. A Ped\u00e1l trombita 8\u2019 nyelvs\u00edpsor nagyon el\u00fct\u00f6tt az orgona hangkarakter\u00e9t\u0151l, ez\u00e9rt nem ker\u00fclt vissza\u00e9p\u00edt\u00e9sre. A f\u0151m\u0171 meglehet\u0151sen jellegtelen Gemshorn 8\u2019 s\u00edpsor\u00e1t pedig a k\u00e1ntor k\u00e9r\u00e9s\u00e9re Gamba 8\u2019-ra alak\u00edtotta \u00e1t a mester, \u00edgy sz\u00e9lesebb hangz\u00e1spalett\u00e1t siker\u00fclt kialak\u00edtani. A technikai probl\u00e9m\u00e1k nagy r\u00e9sz\u00e9t siker\u00fclt orvosolni, a b\u0151rb\u0151l k\u00e9sz\u00fclt pulp\u00e9t\u00e1k (ezek sapka alak\u00fa l\u00e9gz\u00e1r\u00f3 t\u00f6m\u00edt\u00e9sek) teljes cser\u00e9je megt\u00f6rt\u00e9nt, \u00edgy a viszonylag nagy alapzaj \u00e9s leveg\u0151vesztes\u00e9g jelent\u0151sen cs\u00f6kkent. A fel\u00e9p\u00edt\u00e9s sz\u00e9pen zajlott, az orgonakarzatot a kaposv\u00e1ri gy\u00fclekezet tagjai \u00e1talak\u00edtott\u00e1k az orgona elhelyez\u00e9s\u00e9nek megfelel\u0151en. Miut\u00e1n a hangszer teljes \u00e9rt\u00e9k\u0171 haszn\u00e1latra alkalmas lett, kider\u00fclt egy nagyobb probl\u00e9ma: Az orgonaszekr\u00e9ny r\u00e9gi elemeinek a fest\u00e9se meglehet\u0151sen rossz \u00e1llapot\u00fa, a felhaszn\u00e1lt anyag miatt nem fel\u00faj\u00edthat\u00f3, ez\u00e9rt teljesen el kell t\u00e1vol\u00edtani. Ezt szint\u00e9n a gy\u00fclekezet \u00f6sszefog\u00e1s\u00e1val, kitart\u00f3 munk\u00e1val meg tudtuk oldani, \u00edgy v\u00e9g\u00fcl eszt\u00e9tikailag is t\u00f6k\u00e9letesen illeszkedik a hangszer a szakr\u00e1lis t\u00e9rbe. E sorok \u00edr\u00f3ja tan\u00fas\u00edthatja, hogy a hangz\u00e1s szinte \u00e9g \u00e9s f\u00f6ld k\u00fcl\u00f6nbs\u00e9g\u00e9t mutatta a Klostersben hallott hangszerhez k\u00e9pest.<br \/>\nAz \u00e9p\u00edt\u00e9s k\u00e9t f\u00e1zisban zajlott, a fenti, els\u0151 f\u00e1zis ut\u00e1n a m\u00e1sodik k\u00f6rben egy tremol\u00f3 szerkezet \u00e9p\u00fclt a fels\u0151 manu\u00e1lhoz. Ez egy olyan seg\u00e9deszk\u00f6z, amely kiss\u00e9 lebeg\u0151 hangot id\u00e9z el\u0151, hasonl\u00f3an a f\u00fav\u00f3s, von\u00f3s hangszerek vibr\u00e1t\u00f3j\u00e1hoz. Hat\u00e1s\u00e1t f\u0151leg a halkabb kombin\u00e1ci\u00f3kn\u00e1l fejti ki, nagyon sz\u00e9p, &#8222;\u00e9teri&#8221; melegs\u00e9get sug\u00e1rozva. Egy ped\u00e1lkapcsol\u00f3 seg\u00edts\u00e9g\u00e9vel j\u00e1t\u00e9k k\u00f6zben is k\u00f6nnyen ki-be kapcsolhat\u00f3. A m\u00e1sodik jelent\u0151s b\u0151v\u00edt\u00e9s a 16&#8242; l\u00e1bas Fagott regiszter megval\u00f3s\u00edt\u00e1sa. A Fagott s\u00edpsor a nyelvs\u00edpok csal\u00e1dj\u00e1ba tartozik, az orgon\u00e1ban \u00e1ltal\u00e1ban haszn\u00e1lt ajaks\u00edpokkal ellent\u00e9tben itt egy rezg\u0151 nyelv j\u00f6n mozg\u00e1sba a l\u00e9g\u00e1ramlat hat\u00e1s\u00e1ra, \u00e9rces, basszust er\u0151s\u00edt\u0151 hangot eredm\u00e9nyezve. Barokk \u00e9s neo-barokk orgon\u00e1kban gyakran haszn\u00e1lt \u00e9s kedvelt regiszter, ak\u00e1r a f\u00e9nyes, magas hangz\u00e1s ellens\u00falyoz\u00e1s\u00e1ra is alkalmas. A s\u00edpsor t\u00f6bb helyr\u0151l is m\u0171k\u00f6d\u00e9sbe hozhat\u00f3, \u00edgy k\u00f6nnyen alkalmazhat\u00f3 k\u00fcl\u00f6nb\u00f6z\u0151 orgonam\u0171vek ig\u00e9nyeinek megfelel\u0151en. Fel\u00faj\u00edt\u00e1sra ker\u00fclt a j\u00e1tsz\u00f3asztal elektronik\u00e1ja is, amely most m\u00e1r biztons\u00e1gos \u00e9s k\u00f6nny\u0171 kezel\u00e9st tesz lehet\u0151v\u00e9 az orgonista sz\u00e1m\u00e1ra. M\u00e9g egy \u00e1talak\u00edt\u00e1s t\u00f6rt\u00e9nt: a red\u0151nym\u0171 Cymbel III s\u00edpsora elhangol\u00f3d\u00e1s\u00e1nak megakad\u00e1lyoz\u00e1s\u00e1ra a red\u0151ny szerkezet geometri\u00e1ja v\u00e1ltoztat\u00e1son esett \u00e1t, \u00edgy ez a probl\u00e9ma orvosl\u00e1sra ker\u00fclt. Sajnos a Fagott 16\u2019 s\u00edpsorral m\u00e1r a be\u00e9p\u00edt\u00e9s ut\u00e1n r\u00f6vid id\u0151vel probl\u00e9m\u00e1k ad\u00f3dtak, Albert Mikl\u00f3s id\u0151k\u00f6zben elhunyt, ez\u00e9rt nem tudta kijav\u00edtani, \u00edgy m\u00e9g mindig jav\u00edt\u00e1sra szorul, b\u00e1r valamennyire haszn\u00e1lhat\u00f3.<br \/>\nAz orgona 2020-ban kisebb \u00e1talak\u00edt\u00e1son esett \u00e1t: az alapvet\u0151en f\u00e9nyes, kifejezetten magas hang\u00fa hangszer n\u00e9h\u00e1ny alap regiszter\u00e9t \u00e1tinton\u00e1lta Csibi Bal\u00e1zs orgona\u00e9p\u00edt\u0151, \u00edgy a hangszer l\u00e9nyegesen kiegyens\u00falyozottabb hangk\u00e9pre tett szert az eddigiekhez k\u00e9pest, eredeti hangi adotts\u00e1gainak megtart\u00e1s\u00e1val. A k\u00edv\u00fclr\u0151l l\u00e1that\u00f3 Princip\u00e1l 8\u2019, valamint a red\u0151nym\u0171 Gedackt 8\u2019 \u00e9s Blockfl\u00f6te 4\u2019 s\u00edpsorai kaptak hat\u00e1rozottabb megsz\u00f3lal\u00e1st. \u00cdgy m\u00e1r a legv\u00e1ltozatosabb hangz\u00e1sok is sz\u00e9pen sz\u00f3lnak orgon\u00e1nkon. A j\u00f6v\u0151re val\u00f3 tekintettel a f\u00fajtat\u00f3motort is cser\u00e9lt\u00fck.<br \/>\nA kaposv\u00e1ri evang\u00e9likus k\u00f6z\u00f6ss\u00e9g temploma majdnem 90 \u00e9vet v\u00e1rt a hozz\u00e1 ill\u0151 orgona \u00e9rkez\u00e9s\u00e9re. Ez id\u0151 alatt k\u00fcl\u00f6nf\u00e9le hangszerek, k\u00e1ntorok \u00e1ldozatos szolg\u00e1lata \u00e1ltal csend\u00fclhetett fel az Istent dics\u00e9r\u0151 \u00e9nek k\u00eds\u00e9rete. Ha feltekint\u00fcnk a karzatra, \u00e9s meghalljuk a hangszer hangj\u00e1t, biztosak lehet\u00fcnk benne, hogy igazi otthonra tal\u00e1lt Kaposv\u00e1ron.<\/p>\n<p>&nbsp;<\/p>\n<p>&nbsp;<\/p>\n","protected":false},"excerpt":{"rendered":"<p class=\"post-excerpt\">&nbsp; 2017-ben nagy \u00f6r\u00f6m \u00e9rte k\u00f6z\u00f6ss\u00e9g\u00fcnket. Kalincs\u00e1k Bal\u00e1zs nemescs\u00f3i lelk\u00e9sz \u00far egy \u00e9rdekes lehet\u0151s\u00e9gre h\u00edvta fel figyelm\u00fcnket. A sv\u00e1jci Klosters&#8230;<\/p>\n","protected":false},"author":1,"featured_media":0,"parent":0,"menu_order":0,"comment_status":"closed","ping_status":"closed","template":"","meta":{"ngg_post_thumbnail":0,"footnotes":""},"class_list":["post-209","page","type-page","status-publish","hentry"],"_links":{"self":[{"href":"https:\/\/kaposvarievangelikus.hu\/index.php\/wp-json\/wp\/v2\/pages\/209","targetHints":{"allow":["GET"]}}],"collection":[{"href":"https:\/\/kaposvarievangelikus.hu\/index.php\/wp-json\/wp\/v2\/pages"}],"about":[{"href":"https:\/\/kaposvarievangelikus.hu\/index.php\/wp-json\/wp\/v2\/types\/page"}],"author":[{"embeddable":true,"href":"https:\/\/kaposvarievangelikus.hu\/index.php\/wp-json\/wp\/v2\/users\/1"}],"replies":[{"embeddable":true,"href":"https:\/\/kaposvarievangelikus.hu\/index.php\/wp-json\/wp\/v2\/comments?post=209"}],"version-history":[{"count":3,"href":"https:\/\/kaposvarievangelikus.hu\/index.php\/wp-json\/wp\/v2\/pages\/209\/revisions"}],"predecessor-version":[{"id":222,"href":"https:\/\/kaposvarievangelikus.hu\/index.php\/wp-json\/wp\/v2\/pages\/209\/revisions\/222"}],"wp:attachment":[{"href":"https:\/\/kaposvarievangelikus.hu\/index.php\/wp-json\/wp\/v2\/media?parent=209"}],"curies":[{"name":"wp","href":"https:\/\/api.w.org\/{rel}","templated":true}]}}