{"id":201,"date":"2024-11-22T13:45:52","date_gmt":"2024-11-22T13:45:52","guid":{"rendered":"https:\/\/kaposvarievangelikus.hu\/?page_id=201"},"modified":"2024-11-22T13:45:52","modified_gmt":"2024-11-22T13:45:52","slug":"elozmenyek","status":"publish","type":"page","link":"https:\/\/kaposvarievangelikus.hu\/index.php\/elozmenyek\/","title":{"rendered":"El\u0151zm\u00e9nyek"},"content":{"rendered":"<p><img loading=\"lazy\" decoding=\"async\" class=\"size-medium wp-image-203 alignleft\" src=\"https:\/\/kaposvarievangelikus.hu\/wp-content\/uploads\/2024\/11\/913162-199x300.jpg\" alt=\"\" width=\"199\" height=\"300\" srcset=\"https:\/\/kaposvarievangelikus.hu\/wp-content\/uploads\/2024\/11\/913162-199x300.jpg 199w, https:\/\/kaposvarievangelikus.hu\/wp-content\/uploads\/2024\/11\/913162-680x1024.jpg 680w, https:\/\/kaposvarievangelikus.hu\/wp-content\/uploads\/2024\/11\/913162.jpg 728w\" sizes=\"auto, (max-width: 199px) 100vw, 199px\" \/>\u201eDics\u00e9rj\u00e9tek k\u00fcrtzeng\u00e9ssel, dics\u00e9rj\u00e9tek lanttal, \u00e9s h\u00e1rf\u00e1val! Dics\u00e9rj\u00e9tek dobbal, k\u00f6rt\u00e1ncot j\u00e1rva, dics\u00e9rj\u00e9tek citer\u00e1val \u00e9s fuvol\u00e1val! Dics\u00e9rj\u00e9tek cseng\u0151 cint\u00e1ny\u00e9rral, dics\u00e9rj\u00e9tek zeng\u0151 cint\u00e1ny\u00e9rral! Minden l\u00e9lek dics\u00e9rje az Urat!\u201d<br \/>\nA 150. zsolt\u00e1r szavait olvasva megvil\u00e1gosodik el\u0151tt\u00fcnk, hogy m\u00e1r a leg\u0151sibb id\u0151kt\u0151l hozz\u00e1tartozott a hit meg\u00e9l\u00e9s\u00e9hez a hangszerekkel val\u00f3 dics\u0151\u00edt\u00e9s, b\u00e1r itt m\u00e9g orgon\u00e1r\u00f3l nem esik sz\u00f3. Eleinte cirkuszban, sz\u00ednh\u00e1zakban terjedt el a hangszer, vil\u00e1gszerte ismert magyarorsz\u00e1gi p\u00e9ld\u00e1nya ezeknek a \u201ev\u00edziorgon\u00e1knak\u201d a Kr.u. 228-ban az aquincumi t\u0171zolt\u00f3 egyes\u00fclet r\u00e9sz\u00e9re aj\u00e1nd\u00e9kozott szerkezet. Ez tartj\u00e1k a legr\u00e9gebbik\u00e9nt fennmaradt orgon\u00e1nak, mely fel\u00faj\u00edtott \u00e1llapot\u00e1ban ma is megtekinthet\u0151. A 800-as \u00e9vekt\u0151l a kereszt\u00e9ny kult\u00fara r\u00e9szek\u00e9nt eg\u00e9sz Eur\u00f3p\u00e1ban te<img loading=\"lazy\" decoding=\"async\" class=\" wp-image-202 alignright\" src=\"https:\/\/kaposvarievangelikus.hu\/wp-content\/uploads\/2024\/11\/AquincM6-217x300.jpg\" alt=\"\" width=\"168\" height=\"232\" srcset=\"https:\/\/kaposvarievangelikus.hu\/wp-content\/uploads\/2024\/11\/AquincM6-217x300.jpg 217w, https:\/\/kaposvarievangelikus.hu\/wp-content\/uploads\/2024\/11\/AquincM6.jpg 579w\" sizes=\"auto, (max-width: 168px) 100vw, 168px\" \/>ret h\u00f3d\u00edtott ezen hangszer haszn\u00e1lata, mondhatni itt az orgonat\u00f6rt\u00e9nelem kezdete. K\u00f6rny\u00e9k\u00fcnk\u00f6n a legismertebb orgona\u00e9p\u00edt\u0151 Angster J\u00f3zsef p\u00e9csi mester volt, az 1800-as \u00e9vek v\u00e9g\u00e9t\u0151l kezdte meg m\u0171k\u00f6d\u00e9s\u00e9t. Az \u0151 nev\u00e9hez f\u0171z\u0151dik a k\u00f6rny\u00e9kbeli orgon\u00e1k nagy r\u00e9sze, ezek romantikus t\u00edpus\u00fa hangz\u00e1sk\u00e9ppel rendelkeznek. Sajnos a vil\u00e1gh\u00e1bor\u00fak idej\u00e9n meglehet\u0151sen visszaszorult az orgonagy\u00e1rt\u00e1s, kevesebb orgona k\u00e9sz\u00fclt, a j\u00f3 min\u0151s\u00e9g\u0171 anyagok beszerz\u00e9se nagy neh\u00e9zs\u00e9gekbe \u00fctk\u00f6z\u00f6tt.<\/p>\n<p>Gy\u00fclekezet\u00fcnkben m\u00e1r a kezdetekkor felmer\u00fclt az ig\u00e9ny orgona \u00e9p\u00edt\u00e9s\u00e9re, azonban igen nagy k\u00f6lts\u00e9gei miatt ez m\u00e9g nem val\u00f3sult meg. Ennek ellen\u00e9re a k\u00f6z\u00f6ss\u00e9g, lehet\u0151s\u00e9geihez m\u00e9rten igyekezett megoldani az \u00e9nekek zenei k\u00eds\u00e9ret\u00e9t. Eleinte egymanu\u00e1los harm\u00f3niumon, majd k\u00e9tmanu\u00e1los, ped\u00e1lsorral ell\u00e1tott harm\u00f3niumon zen\u00e9ltek k\u00e1ntoraink. Sajnos ez a nagyobb hangszer sem volt el\u00e9g a templom ter\u00e9nek bet\u00f6lt\u00e9s\u00e9hez, r\u00e1ad\u00e1sul a gy\u00fclekezetnek h\u00e1ttal ker\u00fclt be\u00e9p\u00edt\u00e9sre, teh\u00e1t az am\u00fagy is kicsi hangerej\u00e9t sem lehetett kihaszn\u00e1lni. A f\u00fajtat\u00f3motor, amely a templom fal\u00e1n, k\u00edv\u00fclr\u0151l volt felszerelve, az ezredfordul\u00f3ra igen rossz m\u0171szaki \u00e1llapotba ker\u00fclt, folyamatosan probl\u00e9m\u00e1k ad\u00f3dtak vele, be\u00e1zott, a hangszer maga t\u00f6bbsz\u00f6r fel lett \u00faj\u00edtva, de az alapvet\u0151 hangz\u00e1sbeli hi\u00e1nyoss\u00e1gokat nem lehetett megsz\u00fcntetni.<br \/>\n2000-ben a gy\u00fclekezet v\u00e1s\u00e1rolt egy Johannus Sweelinck 10-es t\u00edpus\u00fa digit\u00e1lis orgon\u00e1t, a r\u00e9gi harm\u00f3niumot pedig, a tabi evang\u00e9likusoknak adom\u00e1nyozta. Az \u00faj hangszerrel siker\u00fclt egy l\u00e9p\u00e9st tenni a jobb orgonahang el\u00e9r\u00e9se fel\u00e9, azonban itt is el\u00e9g nagy kompromisszumokat kellett k\u00f6tni. Ennek okai egyr\u00e9szt az akkori digit\u00e1lis technika kezdetlegess\u00e9ge, m\u00e1sr\u00e9szt a hangrendszer rossz min\u0151s\u00e9ge, \u00e9s elhelyez\u00e9se voltak. A hangfalak valamilyen furcsa elgondol\u00e1s alapj\u00e1n ugyanis, az olt\u00e1r m\u00f6g\u00e9 ker\u00fcltek be\u00e9p\u00edt\u00e9sre. Ez a rendszer haszn\u00e1lhat\u00f3 volt ugyan, de nem sz\u00f3lt j\u00f3l, egy val\u00f3di s\u00edpos orgon\u00e1val pedig semmik\u00e9ppen sem lehetett \u00f6sszevetni. A hangszer a hangokat digit\u00e1lis hangmint\u00e1k lej\u00e1tsz\u00e1s\u00e1val \u00e1ll\u00edtotta el\u0151, amik mind\u00f6ssze n\u00e9h\u00e1ny tizedm\u00e1sodpercesek voltak, v\u00e9gtelen\u00edtett hurokban ism\u00e9telve.<br \/>\nA nyelvregiszterek (ezek trombita, k\u00fcrtszer\u0171 hangsz\u00ednek) hangja nem is eml\u00e9keztetett a val\u00f3di hangkarakterre.<br \/>\n2010-t\u0151l rohamosan fejl\u0151d\u00e9snek indultak a szem\u00e9lyi sz\u00e1m\u00edt\u00f3g\u00e9pen futtathat\u00f3 VSO (virtu\u00e1lis s\u00edpos orgona) szoftverek, ami egy nagyon j\u00f3 lehet\u0151s\u00e9get adott az ism\u00e9telt fejleszt\u00e9sre.<br \/>\n<a href=\"https:\/\/kaposvarievangelikus.hu\/wp-content\/uploads\/2024\/11\/DSC_0021-scaled.jpg\"><img loading=\"lazy\" decoding=\"async\" class=\"alignleft wp-image-204 size-medium\" src=\"https:\/\/kaposvarievangelikus.hu\/wp-content\/uploads\/2024\/11\/DSC_0021-300x199.jpg\" alt=\"\" width=\"300\" height=\"199\" srcset=\"https:\/\/kaposvarievangelikus.hu\/wp-content\/uploads\/2024\/11\/DSC_0021-300x199.jpg 300w, https:\/\/kaposvarievangelikus.hu\/wp-content\/uploads\/2024\/11\/DSC_0021-1024x681.jpg 1024w, https:\/\/kaposvarievangelikus.hu\/wp-content\/uploads\/2024\/11\/DSC_0021-768x511.jpg 768w, https:\/\/kaposvarievangelikus.hu\/wp-content\/uploads\/2024\/11\/DSC_0021-1536x1021.jpg 1536w, https:\/\/kaposvarievangelikus.hu\/wp-content\/uploads\/2024\/11\/DSC_0021-2048x1362.jpg 2048w, https:\/\/kaposvarievangelikus.hu\/wp-content\/uploads\/2024\/11\/DSC_0021-450x300.jpg 450w\" sizes=\"auto, (max-width: 300px) 100vw, 300px\" \/><\/a>Mi is az a VSO? Egy adott orgona minden s\u00edpj\u00e1r\u00f3l, z\u00f6rej\u00e9r\u0151l (f\u00fajtat\u00f3, billenty\u0171zet stb.) egyenk\u00e9nt t\u00f6bb m\u00e1sodperces hangminta k\u00e9sz\u00fcl, amit egy sz\u00e1m\u00edt\u00f3g\u00e9pes szoftver seg\u00edts\u00e9g\u00e9vel a billenty\u0171 lenyom\u00e1snak megfelel\u0151en hallunk vissza. A r\u00e9gi orgona konzol vez\u00e9rli a PC-t, digit\u00e1lis midi jelek \u00e1ltal. Teh\u00e1t a r\u00e9gi hangszer\u00fcnk most mintegy sz\u00e1m\u00edt\u00f3g\u00e9p billenty\u0171zetk\u00e9nt szolg\u00e1l. A g\u00e9pen a Grandorgue VSO szoftver fut, ez egy ingyenes program, amelyet nemzetk\u00f6zi k\u00f6z\u00f6ss\u00e9g fejleszt. A virtu\u00e1lis hangszer\u00fcnk alapvet\u0151en a sv\u00e9dorsz\u00e1gi Pitea konzervat\u00f3rium\u00e1ban tal\u00e1lhat\u00f3 h\u00e1rommanu\u00e1los orgona hangmint\u00e1ira \u00e9p\u00fcl, kisebb m\u00e9rt\u00e9kben m\u00e1s hangszerekkel kieg\u00e9sz\u00edtve. 22 regisztert tartalmaz, hangsz\u00ednk\u00e9szlete a modern orgon\u00e1k\u00e9hoz hasonl\u00edthat\u00f3, sokf\u00e9le zenei st\u00edlus \u00e9s korszak m\u0171vei elj\u00e1tszhat\u00f3ak rajta.<br \/>\nEzt a rendszert vehetj\u00fck a hangszer\u00fcnk k\u00f6zponti r\u00e9sz\u00e9nek, azonban \u00f6nmag\u00e1ban ez m\u00e9g nem el\u00e9g. A min\u00e9l nagyobb hangh\u0171s\u00e9g el\u00e9r\u00e9s\u00e9hez a s\u00edpos orgona egy\u00e9b tulajdons\u00e1gait is meg kell k\u00f6zel\u00edten\u00fcnk. Az eredeti hangszerben igen sok s\u00edp sz\u00f3l egyszerre, ak\u00e1r 4-5000 db, hogy ezt ut\u00e1nozni tudjuk, nagy fel\u00fcletre van sz\u00fcks\u00e9g, sok hangsz\u00f3r\u00f3val, amik r\u00e1ad\u00e1sul kiv\u00e1l\u00f3 min\u0151s\u00e9g\u0171ek kell, hogy legyenek. Elhelyez\u00e9s\u00fck szint\u00e9n kritikus a v\u00e9geredm\u00e9ny szempontj\u00e1b\u00f3l. Jelenleg 18 db hangsz\u00f3r\u00f3 m\u0171k\u00f6dik a rendszerben, 9 hangdobozban, amit 8 k\u00fcl\u00f6n\u00e1ll\u00f3 er\u0151s\u00edt\u0151 hajt meg.<a href=\"https:\/\/kaposvarievangelikus.hu\/wp-content\/uploads\/2024\/11\/PICT3637.jpg\"><img loading=\"lazy\" decoding=\"async\" class=\"alignright wp-image-205 size-medium\" src=\"https:\/\/kaposvarievangelikus.hu\/wp-content\/uploads\/2024\/11\/PICT3637-300x225.jpg\" alt=\"\" width=\"300\" height=\"225\" srcset=\"https:\/\/kaposvarievangelikus.hu\/wp-content\/uploads\/2024\/11\/PICT3637-300x225.jpg 300w, https:\/\/kaposvarievangelikus.hu\/wp-content\/uploads\/2024\/11\/PICT3637-1024x768.jpg 1024w, https:\/\/kaposvarievangelikus.hu\/wp-content\/uploads\/2024\/11\/PICT3637-768x576.jpg 768w, https:\/\/kaposvarievangelikus.hu\/wp-content\/uploads\/2024\/11\/PICT3637-1536x1152.jpg 1536w, https:\/\/kaposvarievangelikus.hu\/wp-content\/uploads\/2024\/11\/PICT3637.jpg 1600w\" sizes=\"auto, (max-width: 300px) 100vw, 300px\" \/><\/a> Mivel a hangsz\u00f3r\u00f3k \u00f6nmagukban nem ny\u00fajtanak t\u00fal eszt\u00e9tikus l\u00e1tv\u00e1nyt, egy egyszer\u0171 orgonaszekr\u00e9nyt k\u00e9sz\u00edttett\u00fcnk, majd a gy\u00fclekezet f\u00e9rfitagjainak seg\u00edts\u00e9g\u00e9vel befestett\u00fck. D\u00edsz\u00edt\u00e9sk\u00e9nt a templomt\u00e9rben is l\u00e1that\u00f3 \u00f3n\u00e9met mint\u00e1k ker\u00fcltek a homlokzatra, amit Domonkos \u00c1rp\u00e1d gy\u00fclekezeti tagunk \u00e9s Borda Laura k\u00e9sz\u00edtett. Lehet\u0151s\u00e9g ny\u00edlt a hangos\u00edt\u00e1s \u00e9s az orgona hangrendszer\u00e9nek az \u00f6sszek\u00f6t\u00e9s\u00e9re is, \u00edgy a karzaton m\u00e1r j\u00f3l hallhat\u00f3 a lenti hang, valamint ha sz\u00fcks\u00e9ges, k\u00fcl\u00f6nb\u00f6z\u0151 alkalmakon zen\u00e9t is be tudunk j\u00e1tszani j\u00f3 min\u0151s\u00e9gben.<br \/>\nEzzel a 2014-es fejleszt\u00e9ssel v\u00e9lem\u00e9nyem szerint nagy l\u00e9p\u00e9st tett\u00fcnk egy \u00e9leth\u0171bb orgonahangz\u00e1s fel\u00e9, amennyire a mai technik\u00e1val lehets\u00e9ges megk\u00f6zel\u00edtett\u00fck a s\u00edpos orgona hangj\u00e1t. Mindazon\u00e1ltal fizikai k\u00e9ptelens\u00e9g ilyen \u00f6sszetett hangszert pontosan modellezni, sz\u00fcks\u00e9g van egy val\u00f3di orgon\u00e1ra, mely m\u00e9lt\u00f3 d\u00edsze lesz templomunknak, mind hangz\u00e1s\u00e1ban, mind k\u00fcllem\u00e9ben. M\u00e9giscsak az igazi az \u201eigazi\u201d.<br \/>\n2017-ben ez v\u00e9g\u00fcl megval\u00f3sult, a fentiekben le\u00edrt hangszer a s\u00edpos orgona \u00e9p\u00edt\u00e9se k\u00f6zben j\u00f3 szolg\u00e1latot tett, v\u00e9g\u00fcl az \u00faj hangszer elk\u00e9sz\u00fclte ut\u00e1n \u201enyugd\u00edjaztuk\u201d.<br \/>\nHric\u00f3 Iv\u00e1n &#8211; k\u00e1ntor<\/p>\n<p><a href=\"https:\/\/kaposvarievangelikus.hu\/wp-content\/uploads\/2024\/11\/DSC_0019-scaled.jpg\"><img loading=\"lazy\" decoding=\"async\" class=\"alignnone wp-image-206 size-full\" src=\"https:\/\/kaposvarievangelikus.hu\/wp-content\/uploads\/2024\/11\/DSC_0019-scaled.jpg\" alt=\"\" width=\"2560\" height=\"1702\" srcset=\"https:\/\/kaposvarievangelikus.hu\/wp-content\/uploads\/2024\/11\/DSC_0019-scaled.jpg 2560w, https:\/\/kaposvarievangelikus.hu\/wp-content\/uploads\/2024\/11\/DSC_0019-300x199.jpg 300w, https:\/\/kaposvarievangelikus.hu\/wp-content\/uploads\/2024\/11\/DSC_0019-1024x681.jpg 1024w, https:\/\/kaposvarievangelikus.hu\/wp-content\/uploads\/2024\/11\/DSC_0019-768x511.jpg 768w, https:\/\/kaposvarievangelikus.hu\/wp-content\/uploads\/2024\/11\/DSC_0019-1536x1021.jpg 1536w, https:\/\/kaposvarievangelikus.hu\/wp-content\/uploads\/2024\/11\/DSC_0019-2048x1362.jpg 2048w, https:\/\/kaposvarievangelikus.hu\/wp-content\/uploads\/2024\/11\/DSC_0019-450x300.jpg 450w\" sizes=\"auto, (max-width: 2560px) 100vw, 2560px\" \/><\/a><\/p>\n<p>&nbsp;<\/p>\n","protected":false},"excerpt":{"rendered":"<p class=\"post-excerpt\">\u201eDics\u00e9rj\u00e9tek k\u00fcrtzeng\u00e9ssel, dics\u00e9rj\u00e9tek lanttal, \u00e9s h\u00e1rf\u00e1val! Dics\u00e9rj\u00e9tek dobbal, k\u00f6rt\u00e1ncot j\u00e1rva, dics\u00e9rj\u00e9tek citer\u00e1val \u00e9s fuvol\u00e1val! Dics\u00e9rj\u00e9tek cseng\u0151 cint\u00e1ny\u00e9rral, dics\u00e9rj\u00e9tek zeng\u0151 cint\u00e1ny\u00e9rral!&#8230;<\/p>\n","protected":false},"author":1,"featured_media":0,"parent":0,"menu_order":0,"comment_status":"closed","ping_status":"closed","template":"","meta":{"ngg_post_thumbnail":0,"footnotes":""},"class_list":["post-201","page","type-page","status-publish","hentry"],"_links":{"self":[{"href":"https:\/\/kaposvarievangelikus.hu\/index.php\/wp-json\/wp\/v2\/pages\/201","targetHints":{"allow":["GET"]}}],"collection":[{"href":"https:\/\/kaposvarievangelikus.hu\/index.php\/wp-json\/wp\/v2\/pages"}],"about":[{"href":"https:\/\/kaposvarievangelikus.hu\/index.php\/wp-json\/wp\/v2\/types\/page"}],"author":[{"embeddable":true,"href":"https:\/\/kaposvarievangelikus.hu\/index.php\/wp-json\/wp\/v2\/users\/1"}],"replies":[{"embeddable":true,"href":"https:\/\/kaposvarievangelikus.hu\/index.php\/wp-json\/wp\/v2\/comments?post=201"}],"version-history":[{"count":1,"href":"https:\/\/kaposvarievangelikus.hu\/index.php\/wp-json\/wp\/v2\/pages\/201\/revisions"}],"predecessor-version":[{"id":208,"href":"https:\/\/kaposvarievangelikus.hu\/index.php\/wp-json\/wp\/v2\/pages\/201\/revisions\/208"}],"wp:attachment":[{"href":"https:\/\/kaposvarievangelikus.hu\/index.php\/wp-json\/wp\/v2\/media?parent=201"}],"curies":[{"name":"wp","href":"https:\/\/api.w.org\/{rel}","templated":true}]}}