{"id":1370,"date":"2025-06-03T18:03:15","date_gmt":"2025-06-03T18:03:15","guid":{"rendered":"https:\/\/kaposvarievangelikus.hu\/?page_id=1370"},"modified":"2025-06-03T18:03:54","modified_gmt":"2025-06-03T18:03:54","slug":"1370-2","status":"publish","type":"page","link":"https:\/\/kaposvarievangelikus.hu\/index.php\/1370-2\/","title":{"rendered":"M\u00e9ng Zolt\u00e1n"},"content":{"rendered":"<p><img loading=\"lazy\" decoding=\"async\" class=\"alignnone size-medium wp-image-1368\" src=\"https:\/\/kaposvarievangelikus.hu\/wp-content\/uploads\/2025\/06\/Messenger_creation_8CC60239-B997-4A1E-8FC2-B8433B889BB8-240x300.jpeg\" alt=\"\" width=\"240\" height=\"300\" srcset=\"https:\/\/kaposvarievangelikus.hu\/wp-content\/uploads\/2025\/06\/Messenger_creation_8CC60239-B997-4A1E-8FC2-B8433B889BB8-240x300.jpeg 240w, https:\/\/kaposvarievangelikus.hu\/wp-content\/uploads\/2025\/06\/Messenger_creation_8CC60239-B997-4A1E-8FC2-B8433B889BB8.jpeg 472w\" sizes=\"auto, (max-width: 240px) 100vw, 240px\" \/><\/p>\n<p><span style=\"font-weight: 400;\">M\u00e9ng Zolt\u00e1n vagyok, apai \u00e1gon evang\u00e9likus csal\u00e1db\u00f3l sz\u00e1rmazom. K\u00e9t egyetemista l\u00e1nyom van. Testnevel\u0151 tan\u00e1rk\u00e9nt dolgozom a Lor\u00e1ntffy Zsuzsanna Reform\u00e1tus Iskol\u00e1ban. Hobbim a kert\u00e9szked\u00e9s, szeretek f\u00e1val dolgozni, igyekszem otthon mindent saj\u00e1t magam megoldani, megcsin\u00e1lni. Az \u00e9letem nagy r\u00e9sz\u00e9t a sport t\u00f6lt\u00f6tte ki, ez\u00e9rt is fontos sz\u00e1momra,&nbsp; hogy tan\u00e1rk\u00e9nt ezt \u00e1t \u00e9s tov\u00e1bb adjam a tan\u00edtv\u00e1nyainak.<\/span><\/p>\n","protected":false},"excerpt":{"rendered":"<p class=\"post-excerpt\">M\u00e9ng Zolt\u00e1n vagyok, apai \u00e1gon evang\u00e9likus csal\u00e1db\u00f3l sz\u00e1rmazom. K\u00e9t egyetemista l\u00e1nyom van. Testnevel\u0151 tan\u00e1rk\u00e9nt dolgozom a Lor\u00e1ntffy Zsuzsanna Reform\u00e1tus Iskol\u00e1ban&#8230;.<\/p>\n","protected":false},"author":2,"featured_media":0,"parent":0,"menu_order":0,"comment_status":"closed","ping_status":"closed","template":"","meta":{"ngg_post_thumbnail":0,"footnotes":""},"class_list":["post-1370","page","type-page","status-publish","hentry"],"_links":{"self":[{"href":"https:\/\/kaposvarievangelikus.hu\/index.php\/wp-json\/wp\/v2\/pages\/1370","targetHints":{"allow":["GET"]}}],"collection":[{"href":"https:\/\/kaposvarievangelikus.hu\/index.php\/wp-json\/wp\/v2\/pages"}],"about":[{"href":"https:\/\/kaposvarievangelikus.hu\/index.php\/wp-json\/wp\/v2\/types\/page"}],"author":[{"embeddable":true,"href":"https:\/\/kaposvarievangelikus.hu\/index.php\/wp-json\/wp\/v2\/users\/2"}],"replies":[{"embeddable":true,"href":"https:\/\/kaposvarievangelikus.hu\/index.php\/wp-json\/wp\/v2\/comments?post=1370"}],"version-history":[{"count":2,"href":"https:\/\/kaposvarievangelikus.hu\/index.php\/wp-json\/wp\/v2\/pages\/1370\/revisions"}],"predecessor-version":[{"id":1374,"href":"https:\/\/kaposvarievangelikus.hu\/index.php\/wp-json\/wp\/v2\/pages\/1370\/revisions\/1374"}],"wp:attachment":[{"href":"https:\/\/kaposvarievangelikus.hu\/index.php\/wp-json\/wp\/v2\/media?parent=1370"}],"curies":[{"name":"wp","href":"https:\/\/api.w.org\/{rel}","templated":true}]}}