{"id":1274,"date":"2025-05-29T07:43:30","date_gmt":"2025-05-29T07:43:30","guid":{"rendered":"https:\/\/kaposvarievangelikus.hu\/?page_id=1274"},"modified":"2025-10-17T08:56:45","modified_gmt":"2025-10-17T08:56:45","slug":"1274-2","status":"publish","type":"page","link":"https:\/\/kaposvarievangelikus.hu\/index.php\/1274-2\/","title":{"rendered":"Soltra Csilla"},"content":{"rendered":"<p><img loading=\"lazy\" decoding=\"async\" class=\"alignnone size-medium wp-image-1637\" src=\"https:\/\/kaposvarievangelikus.hu\/wp-content\/uploads\/2025\/06\/20250622_114041-228x300.jpg\" alt=\"\" width=\"228\" height=\"300\" srcset=\"https:\/\/kaposvarievangelikus.hu\/wp-content\/uploads\/2025\/06\/20250622_114041-228x300.jpg 228w, https:\/\/kaposvarievangelikus.hu\/wp-content\/uploads\/2025\/06\/20250622_114041-779x1024.jpg 779w, https:\/\/kaposvarievangelikus.hu\/wp-content\/uploads\/2025\/06\/20250622_114041-768x1010.jpg 768w, https:\/\/kaposvarievangelikus.hu\/wp-content\/uploads\/2025\/06\/20250622_114041-1168x1536.jpg 1168w, https:\/\/kaposvarievangelikus.hu\/wp-content\/uploads\/2025\/06\/20250622_114041-1140x1499.jpg 1140w, https:\/\/kaposvarievangelikus.hu\/wp-content\/uploads\/2025\/06\/20250622_114041.jpg 1261w\" sizes=\"auto, (max-width: 228px) 100vw, 228px\" \/><\/p>\n<p>Soltra Csilla vagyok.<\/p>\n<div>&nbsp;<\/div>\n<div>Budapesten sz\u00fclettem, a De\u00e1k t\u00e9ri evang\u00e9likus templomban voltam megkeresztelve.<\/div>\n<div>A SVKH J\u00e1r\u00e1si hivatal\u00e1nak Hat\u00f3s\u00e1gi Oszt\u00e1ly\u00e1n dolgozom.<\/div>\n<div>Sz\u00fcleim Csurg\u00f3r\u00f3l, <wbr>Porrogszentkir\u00e1lyr\u00f3l&nbsp;<wbr>sz\u00e1rmaznak, anyai \u00e1gon lettem evang\u00e9likus.<\/div>\n<div>Az evang\u00e9likus hit\u00e9letbe a porrogszentkir\u00e1lyi evang\u00e9likus gy\u00fclekezetben kapcsol\u00f3dtam be.<\/div>\n<div>K\u00f6zel 30 \u00e9ve \u00e9lek Kaposv\u00e1ron, az\u00f3ta a Kaposv\u00e1ri Evang\u00e9likus Gy\u00fclekezet&nbsp; tagja vagyok. Az evang\u00e9likus k\u00f6z\u00f6ss\u00e9g, a hit\u00e9let fontos sz\u00e1momra.<\/div>\n<div>A gy\u00fclekezet \u00e9nekkar\u00e1nak tagja vagyok, sz\u00edvemen viselem a k\u00f3rus \u00e9let\u00e9t, szolg\u00e1lat\u00e1t \u00e9s fell\u00e9p\u00e9seit.<\/div>\n<div>Els\u0151 alkalommal v\u00e1lasztottak presbiterr\u00e9, mely nagy megtiszteltet\u00e9s sz\u00e1momra.&nbsp;<\/div>\n<div>Nagyfiam, Barnab\u00e1s 2066-ban sz\u00fcletett. \u0150 v\u00e9gezte kor\u00e1bban az online istentiszteletek k\u00f6zvet\u00edt\u00e9s\u00e9t. Tanulm\u00e1nyainak \u00e9s elfoglalts\u00e1gainak <wbr>megn\u00f6veked\u00e9s\u00e9vel ezt a feladatot \u00e1tvettem T\u0151le.<\/div>\n<div>2025.tavasza \u00f3ta m\u00e9dia munkat\u00e1rsk\u00e9nt is szolg\u00e1lom a gy\u00fclekezet\u00fcnket, melyet nagy \u00f6r\u00f6mmel teszek.<\/div>\n<div>Arra t\u00f6rekszem, hogy a Kaposv\u00e1ri Evang\u00e9likus Gy\u00fclekezet jav\u00e1t szolg\u00e1ljam.<\/div>\n<div>&nbsp;<\/div>\n<div>\u201eTestv\u00e9reim, mit haszn\u00e1l, ha valaki azt mondja, hogy van hite, de cselekedetei&nbsp;nincsenek?\u201d (Jak 2,14a)<\/div>\n","protected":false},"excerpt":{"rendered":"<p class=\"post-excerpt\">Soltra Csilla vagyok. &nbsp; Budapesten sz\u00fclettem, a De\u00e1k t\u00e9ri evang\u00e9likus templomban voltam megkeresztelve. A SVKH J\u00e1r\u00e1si hivatal\u00e1nak Hat\u00f3s\u00e1gi Oszt\u00e1ly\u00e1n dolgozom&#8230;.<\/p>\n","protected":false},"author":2,"featured_media":0,"parent":0,"menu_order":0,"comment_status":"closed","ping_status":"closed","template":"","meta":{"ngg_post_thumbnail":0,"footnotes":""},"class_list":["post-1274","page","type-page","status-publish","hentry"],"_links":{"self":[{"href":"https:\/\/kaposvarievangelikus.hu\/index.php\/wp-json\/wp\/v2\/pages\/1274","targetHints":{"allow":["GET"]}}],"collection":[{"href":"https:\/\/kaposvarievangelikus.hu\/index.php\/wp-json\/wp\/v2\/pages"}],"about":[{"href":"https:\/\/kaposvarievangelikus.hu\/index.php\/wp-json\/wp\/v2\/types\/page"}],"author":[{"embeddable":true,"href":"https:\/\/kaposvarievangelikus.hu\/index.php\/wp-json\/wp\/v2\/users\/2"}],"replies":[{"embeddable":true,"href":"https:\/\/kaposvarievangelikus.hu\/index.php\/wp-json\/wp\/v2\/comments?post=1274"}],"version-history":[{"count":5,"href":"https:\/\/kaposvarievangelikus.hu\/index.php\/wp-json\/wp\/v2\/pages\/1274\/revisions"}],"predecessor-version":[{"id":2396,"href":"https:\/\/kaposvarievangelikus.hu\/index.php\/wp-json\/wp\/v2\/pages\/1274\/revisions\/2396"}],"wp:attachment":[{"href":"https:\/\/kaposvarievangelikus.hu\/index.php\/wp-json\/wp\/v2\/media?parent=1274"}],"curies":[{"name":"wp","href":"https:\/\/api.w.org\/{rel}","templated":true}]}}